{"id":30716,"date":"2026-04-14T10:12:13","date_gmt":"2026-04-14T09:12:13","guid":{"rendered":"https:\/\/armorka.pl\/?post_type=product&#038;p=30716"},"modified":"2026-04-14T10:12:50","modified_gmt":"2026-04-14T09:12:50","slug":"szklo-hartowane-azuma-cp-pro-clear-4","status":"publish","type":"product","link":"https:\/\/armorka.pl\/?product=szklo-hartowane-azuma-cp-pro-clear-4","title":{"rendered":"Szk\u0142o hartowane AZUMA CP+ PRO Clear"},"content":{"rendered":"\t\t<div data-elementor-type=\"wp-post\" data-elementor-id=\"30716\" class=\"elementor elementor-30716\" data-elementor-post-type=\"product\">\n\t\t\t\t<div class=\"wd-negative-gap elementor-element elementor-element-823336b e-flex e-con-boxed e-con e-parent\" data-id=\"823336b\" data-element_type=\"container\" data-e-type=\"container\">\n\t\t\t\t\t<div class=\"e-con-inner\">\n\t\t<div class=\"elementor-element elementor-element-d6b96b7 e-con-full e-flex e-con e-child\" data-id=\"d6b96b7\" data-element_type=\"container\" data-e-type=\"container\">\n\t\t\t\t<div class=\"elementor-element elementor-element-856a94d elementor-widget elementor-widget-wd_text_block\" data-id=\"856a94d\" data-element_type=\"widget\" data-e-type=\"widget\" data-widget_type=\"wd_text_block.default\">\n\t\t\t\t<div class=\"elementor-widget-container\">\n\t\t\t\t\t\t\t<div class=\"wd-text-block reset-last-child text-left\">\n\t\t\t\n\t\t\t<h4><b>Szk\u0142o hartowane AZUMA CP+ PRO do Nothing Phone 3a Pro<\/b><\/h4><p><b>Wersja EDGE TO EDGE z czarn\u0105 ramk\u0105.<\/b><\/p><p><b>Pozostawiony niewielki margines dla kompatybilno\u015bci z etui.<\/b><\/p><p>Nasza os\u0142ona zosta\u0142a wykonana z<b> japo\u0144skiego szk\u0142a AGC<\/b>. Do produkcji u\u017cyto <b>szk\u0142o klasy A++<\/b>.<\/p><p>Tafle szk\u0142a zosta\u0142y poddane <b>4 godzinnemu procesowi hartowania<\/b>. W skali Wolfa-Wilburna (skala odporno\u015bci na zadrapania) osi\u0105ga wynik <b>9H<\/b>.<\/p><p><b>Grubo\u015b\u0107 os\u0142ony wynosi 0,33mm<\/b>, dzi\u0119ki czemu szk\u0142o hartowane zachowuje swoj\u0105 elastyczno\u015b\u0107 i jest odpowiednio twarde.<\/p><p>Zastosowana<b> warstwa \"antyrozpryskowa\"<\/b> zapobiega kruszeniu si\u0119 szk\u0142a<b>.<\/b><\/p><p>Dzi\u0119ki <b>pow\u0142oce oleofobowej<\/b> os\u0142ona jest \u0142atwa w czyszczeniu i nie jest tak podatna na zabrudzenia jak zwyk\u0142e szk\u0142o hartowane.<\/p><p><b>W zestawie znajduje si\u0119:<\/b><\/p><ul><li><b>1 sztuka szk\u0142a<\/b> hartowanego <b>AZUMA CP+ PRO<\/b><\/li><li>naklejki Anti-Dust<\/li><li>delikatna \u015bciereczka z mikrofibry<\/li><li>wilgotna \u015bciereczka do wyczyszczenia ekranu<\/li><\/ul>\n\t\t\t\t\t<\/div>\n\t\t\t\t\t\t<\/div>\n\t\t\t\t<\/div>\n\t\t\t\t<\/div>\n\t\t<div class=\"elementor-element elementor-element-8fdf541 e-con-full e-flex e-con e-child\" data-id=\"8fdf541\" data-element_type=\"container\" data-e-type=\"container\">\n\t\t\t\t<div class=\"elementor-element elementor-element-9ce867c elementor-widget elementor-widget-image\" data-id=\"9ce867c\" data-element_type=\"widget\" data-e-type=\"widget\" data-widget_type=\"image.default\">\n\t\t\t\t\t\t\t\t\t\t\t\t\t\t\t<img decoding=\"async\" src=\"https:\/\/armorka.pl\/wp-content\/uploads\/2026\/04\/SZKLO-HARTOWANE-AZUMA-CP-PRO-CLEAR-DO-NOTHING-PHONE-3A-3A-PRO-1.avif\" title=\"\" alt=\"\" loading=\"lazy\" \/>\t\t\t\t\t\t\t\t\t\t\t\t\t\t\t<\/div>\n\t\t\t\t<\/div>\n\t\t\t\t\t<\/div>\n\t\t\t\t<\/div>\n\t\t<div class=\"wd-negative-gap elementor-element elementor-element-87302b8 e-flex e-con-boxed e-con e-parent\" data-id=\"87302b8\" data-element_type=\"container\" data-e-type=\"container\">\n\t\t\t\t\t<div class=\"e-con-inner\">\n\t\t<div class=\"elementor-element elementor-element-ef4b2d6 e-con-full e-flex e-con e-child\" data-id=\"ef4b2d6\" data-element_type=\"container\" data-e-type=\"container\">\n\t\t\t\t<div class=\"elementor-element elementor-element-690990b elementor-widget elementor-widget-wd_text_block\" data-id=\"690990b\" data-element_type=\"widget\" data-e-type=\"widget\" data-widget_type=\"wd_text_block.default\">\n\t\t\t\t<div class=\"elementor-widget-container\">\n\t\t\t\t\t\t\t<div class=\"wd-text-block reset-last-child text-left\">\n\t\t\t\n\t\t\t<p>\u00a0<\/p><h4><b>Technologia ARC-SCREEN<\/b><\/h4><p><b>Precyzyjna obr\u00f3bka metod\u0105 CNC<\/b> da\u0142a efekt doskona\u0142ych <b>kraw\u0119dzi 2.5D<\/b>. S\u0105 \u0142adnie i r\u00f3wno wyprofilowane i nie s\u0105 ostro zako\u0144czone.<\/p><p><b>AZUMA CP+ PRO<\/b> jest dopasowane do wy\u015bwietlacza.<\/p><p>Wersja <b>EDGE TO EDGE (z czarn\u0105 obw\u00f3dk\u0105)<\/b> w kt\u00f3rej pozostawiono minimalny margines dla kompatybilno\u015bci z wi\u0119kszo\u015bci\u0105 dost\u0119pnych etui na rynku.<\/p><p><b>Szk\u0142o dok\u0142adnie przylega<\/b> do wy\u015bwietlacza i nie odstaje dzi\u0119ki zastosowaniu <b>bezpiecznego kleju AB na ca\u0142ej powierzchni<\/b>.<\/p><h4><b>HD-CLEAR<\/b><\/h4><p>Doskona\u0142e odwzorowanie kolor\u00f3w oraz przejrzysto\u015b\u0107 na poziomie 99%.<\/p><p>Kolory pozostaj\u0105 niezmienione.<\/p><div class=\"mp4t_16_s mryx_16_s mr3m_1 mli2_1 mh85_56 mh85_0_l\"><div class=\"mgn2_16 _0d3bd_am0a-\"><h4><b>Zalety szk\u0142a AZUMA CP+ PRO:<\/b><\/h4><ul><li>doskona\u0142e dopasowanie do danego modelu telefonu<\/li><li>EDGE TO EDGE<\/li><li>zastosowanie pow\u0142oki oleofobowej i mikrofobowej<\/li><li>bezpieczny klej AB na ca\u0142ej powierzchni<\/li><li>wysoka odporno\u015b\u0107 na zadrapania 9H<\/li><li>w pe\u0142ni wsp\u00f3\u0142pracuje z czytnikiem linii papilarnych<\/li><li>precyzyjne odwzorowanie kolor\u00f3w i wysoka przejrzysto\u015b\u0107 szk\u0142a<\/li><li>technologia ARC-SCREEN z kraw\u0119dziami 2.5D<\/li><\/ul><div class=\"mp4t_16_s mryx_16_s mr3m_1 mli2_1 mh85_56 mh85_0_l\"><div class=\"mgn2_16 _0d3bd_am0a-\"><h4><b>Prosty monta\u017c bez b\u0105belk\u00f3w<\/b><\/h4><ol><li>Dok\u0142adnie wyczy\u015b\u0107 ekran mokr\u0105 \u015bciereczk\u0105 z zestawu.<\/li><li>Przetrzyj wy\u015bwietlacz szmatk\u0105 z mikrofibry do\u0142\u0105czon\u0105 do zestawu.<\/li><li>W razie drobinek kurzu u\u017cyj naklejek <b>Anti-Dust<\/b> do ich zebrania.<\/li><li>Zerwij warstw\u0119 zabezpieczaj\u0105c\u0105 ze szk\u0142a.<\/li><li>Umie\u015b\u0107 szk\u0142o na wy\u015bwietlaczu, pozycjonuj\u0105c wcze\u015bniej jego po\u0142o\u017cenie tak aby wycentrowa\u0107 je i dopasowa\u0107 do wy\u015bwietlacza.<\/li><li>Po na\u0142o\u017ceniu szk\u0142a doci\u015bnij delikatnie palcem szk\u0142o w jego centralnej cz\u0119\u015bci.<\/li><\/ol><p><b>Zalecamy po monta\u017cu szk\u0142a doda\u0107 ponownie odcisk palca oraz zwi\u0119kszy\u0107 czu\u0142o\u015b\u0107 dotyku w ustawieniach wy\u015bwietlacza dla pe\u0142nej wsp\u00f3\u0142pracy szk\u0142a z czytnikiem linii papilarnych.<\/b><\/p><\/div><\/div><div class=\"mp4t_16_s mryx_16_s mr3m_1 mli2_1 mh85_56 mh85_0_l\"><div class=\"mg9e_8 mj7a_8 mg9e_0_s mvrt_0_s mj7a_0_s mh36_0_s mzmg_6m munh_16_l m3h2_16_l\"><div class=\"mp4t_0 mryx_0 munh_56 m3h2_56\"><div class=\"mp7g_oh\">\u00a0<\/div><\/div><\/div><\/div><\/div><\/div><div class=\"mp4t_16_s mryx_16_s mr3m_1 mli2_1 mh85_56 mh85_0_l\"><div class=\"mg9e_8 mj7a_8 mg9e_0_s mvrt_0_s mj7a_0_s mh36_0_s mzmg_6m munh_16_l m3h2_16_l\"><div class=\"mp4t_0 mryx_0 munh_56 m3h2_56\"><div class=\"mp7g_oh\">\u00a0<\/div><\/div><\/div><\/div>\n\t\t\t\t\t<\/div>\n\t\t\t\t\t\t<\/div>\n\t\t\t\t<\/div>\n\t\t\t\t<\/div>\n\t\t<div class=\"elementor-element elementor-element-a7b8c9b e-con-full e-flex e-con e-child\" data-id=\"a7b8c9b\" data-element_type=\"container\" data-e-type=\"container\">\n\t\t\t\t<div class=\"elementor-element elementor-element-d6a7b45 elementor-widget elementor-widget-image\" data-id=\"d6a7b45\" data-element_type=\"widget\" data-e-type=\"widget\" data-widget_type=\"image.default\">\n\t\t\t\t\t\t\t\t\t\t\t\t\t\t\t<img decoding=\"async\" src=\"https:\/\/armorka.pl\/wp-content\/uploads\/elementor\/thumbs\/SZKLO-HARTOWANE-AZUMA-CP-PRO-CLEAR-DO-NOTHING-PHONE-3A-3A-PRO-2-rlzlkq75lvqpfcyj32t9p1n04dk1o94y5xd5hdgs68.avif\" title=\"SZK\u0141O HARTOWANE AZUMA CP+ PRO CLEAR DO NOTHING PHONE 3A 3A PRO 2\" alt=\"SZK\u0141O HARTOWANE AZUMA CP+ PRO CLEAR DO NOTHING PHONE 3A 3A PRO 2\" loading=\"lazy\" \/>\t\t\t\t\t\t\t\t\t\t\t\t\t\t\t<\/div>\n\t\t\t\t<\/div>\n\t\t\t\t\t<\/div>\n\t\t\t\t<\/div>\n\t\t\t\t<\/div>\n\t\t","protected":false},"excerpt":{"rendered":"<p>Doskonale dopasowane szk\u0142o hartowane do<strong> Nothing Phone 3a Pro.<\/strong><\/p>\n<p>Black Frame, 9H, ARC SCREEN Technology, wsp\u00f3\u0142praca z czytnikiem linii papilarnych.<\/p>\n","protected":false},"featured_media":30714,"template":"","meta":[],"product_brand":[],"product_cat":[140,142,101],"product_tag":[],"class_list":{"0":"post-30716","1":"product","2":"type-product","3":"status-publish","4":"has-post-thumbnail","6":"product_cat-nothing-szkla-ochronne","7":"product_cat-phone-3a-pro-nothing-szkla-ochronne","8":"product_cat-szkla-ochronne","10":"first","11":"instock","12":"shipping-taxable","13":"purchasable","14":"product-type-simple"},"_links":{"self":[{"href":"https:\/\/armorka.pl\/index.php?rest_route=\/wp\/v2\/product\/30716","targetHints":{"allow":["GET"]}}],"collection":[{"href":"https:\/\/armorka.pl\/index.php?rest_route=\/wp\/v2\/product"}],"about":[{"href":"https:\/\/armorka.pl\/index.php?rest_route=\/wp\/v2\/types\/product"}],"version-history":[{"count":5,"href":"https:\/\/armorka.pl\/index.php?rest_route=\/wp\/v2\/product\/30716\/revisions"}],"predecessor-version":[{"id":30721,"href":"https:\/\/armorka.pl\/index.php?rest_route=\/wp\/v2\/product\/30716\/revisions\/30721"}],"wp:featuredmedia":[{"embeddable":true,"href":"https:\/\/armorka.pl\/index.php?rest_route=\/wp\/v2\/media\/30714"}],"wp:attachment":[{"href":"https:\/\/armorka.pl\/index.php?rest_route=%2Fwp%2Fv2%2Fmedia&parent=30716"}],"wp:term":[{"taxonomy":"product_brand","embeddable":true,"href":"https:\/\/armorka.pl\/index.php?rest_route=%2Fwp%2Fv2%2Fproduct_brand&post=30716"},{"taxonomy":"product_cat","embeddable":true,"href":"https:\/\/armorka.pl\/index.php?rest_route=%2Fwp%2Fv2%2Fproduct_cat&post=30716"},{"taxonomy":"product_tag","embeddable":true,"href":"https:\/\/armorka.pl\/index.php?rest_route=%2Fwp%2Fv2%2Fproduct_tag&post=30716"}],"curies":[{"name":"wp","href":"https:\/\/api.w.org\/{rel}","templated":true}]}}