{"id":29567,"date":"2026-03-30T10:42:45","date_gmt":"2026-03-30T09:42:45","guid":{"rendered":"https:\/\/armorka.pl\/?post_type=product&#038;p=29567"},"modified":"2026-04-01T10:44:24","modified_gmt":"2026-04-01T09:44:24","slug":"etui-caserebel-mirror-clear","status":"publish","type":"product","link":"https:\/\/armorka.pl\/?product=etui-caserebel-mirror-clear","title":{"rendered":"Etui CASEREBEL Mirror Clear"},"content":{"rendered":"\t\t<div data-elementor-type=\"wp-post\" data-elementor-id=\"29567\" class=\"elementor elementor-29567\" data-elementor-post-type=\"product\">\n\t\t\t\t<div class=\"wd-negative-gap elementor-element elementor-element-823336b e-flex e-con-boxed e-con e-parent\" data-id=\"823336b\" data-element_type=\"container\" data-e-type=\"container\">\n\t\t\t\t\t<div class=\"e-con-inner\">\n\t\t<div class=\"elementor-element elementor-element-d6b96b7 e-con-full e-flex e-con e-child\" data-id=\"d6b96b7\" data-element_type=\"container\" data-e-type=\"container\">\n\t\t\t\t<div class=\"elementor-element elementor-element-856a94d elementor-widget elementor-widget-wd_text_block\" data-id=\"856a94d\" data-element_type=\"widget\" data-e-type=\"widget\" data-widget_type=\"wd_text_block.default\">\n\t\t\t\t<div class=\"elementor-widget-container\">\n\t\t\t\t\t\t\t<div class=\"wd-text-block reset-last-child text-left\">\n\t\t\t\n\t\t\t<p><b>Etui CASEREBEL Mirror do Samsung Galaxy S26 Ultra \u2013 Krystaliczna Ochrona<\/b><\/p><p>Zadbaj o bezpiecze\u0144stwo swojego <b>Samsunga Galaxy S26 Ultra<\/b> bez kompromis\u00f3w w kwestii wygl\u0105du. Etui <b>CASEREBEL Mirror<\/b>\u00a0to idealne po\u0142\u0105czenie minimalistycznego designu z zaawansowan\u0105 technologi\u0105 ochrony.<\/p><p><b>Kluczowe cechy:<\/b><\/p><ul><li><b>Hybrydowa konstrukcja:<\/b> Elastyczna rama z <b>TPU<\/b> u\u0142atwia monta\u017c, a twarde plecki z poliw\u0119glanu <b>(PC)<\/b> usztywniaj\u0105 konstrukcj\u0119 i chroni\u0105 przed zarysowaniami.<\/li><li><b>Technologia Air-Cushion:<\/b> Specjalne poduszki powietrzne w naro\u017cnikach amortyzuj\u0105 upadki, chroni\u0105c najbardziej wra\u017cliwe punkty telefonu.<\/li><li><b>Pe\u0142na przejrzysto\u015b\u0107:<\/b> Formu\u0142a o podwy\u017cszonej odporno\u015bci na \u017c\u00f3\u0142kni\u0119cie sprawia, \u017ce etui pozostaje krystalicznie czyste przez d\u0142ugi czas.<\/li><li><b>Precyzyjne detale:<\/b> Zintegrowane przyciski oferuj\u0105 naturalny, responsywny \u201eklik\u201d, a podniesione kraw\u0119dzie wok\u00f3\u0142 ekranu i wyspy aparat\u00f3w chroni\u0105 soczewki przed bezpo\u015brednim kontaktem z pod\u0142o\u017cem.<\/li><\/ul>\n\t\t\t\t\t<\/div>\n\t\t\t\t\t\t<\/div>\n\t\t\t\t<\/div>\n\t\t\t\t<\/div>\n\t\t<div class=\"elementor-element elementor-element-8fdf541 e-con-full e-flex e-con e-child\" data-id=\"8fdf541\" data-element_type=\"container\" data-e-type=\"container\">\n\t\t\t\t<div class=\"elementor-element elementor-element-9ce867c elementor-widget elementor-widget-image\" data-id=\"9ce867c\" data-element_type=\"widget\" data-e-type=\"widget\" data-widget_type=\"image.default\">\n\t\t\t\t\t\t\t\t\t\t\t\t\t\t\t<img decoding=\"async\" src=\"https:\/\/armorka.pl\/wp-content\/uploads\/2026\/03\/1-2.avif\" title=\"\" alt=\"\" loading=\"lazy\" \/>\t\t\t\t\t\t\t\t\t\t\t\t\t\t\t<\/div>\n\t\t\t\t<\/div>\n\t\t\t\t\t<\/div>\n\t\t\t\t<\/div>\n\t\t<div class=\"wd-negative-gap elementor-element elementor-element-87302b8 e-flex e-con-boxed e-con e-parent\" data-id=\"87302b8\" data-element_type=\"container\" data-e-type=\"container\">\n\t\t\t\t\t<div class=\"e-con-inner\">\n\t\t<div class=\"elementor-element elementor-element-ef4b2d6 e-con-full e-flex e-con e-child\" data-id=\"ef4b2d6\" data-element_type=\"container\" data-e-type=\"container\">\n\t\t\t\t<div class=\"elementor-element elementor-element-690990b elementor-widget elementor-widget-wd_text_block\" data-id=\"690990b\" data-element_type=\"widget\" data-e-type=\"widget\" data-widget_type=\"wd_text_block.default\">\n\t\t\t\t<div class=\"elementor-widget-container\">\n\t\t\t\t\t\t\t<div class=\"wd-text-block reset-last-child text-left\">\n\t\t\t\n\t\t\t<p>\u00a0<\/p><p><b>Krystalicznie Czysty z Podwy\u017cszon\u0105 Odporno\u015bci\u0105 na \u017b\u00f3\u0142kni\u0119cie<\/b><\/p><div class=\"mp4t_16_s mryx_16_s mr3m_1 mli2_1 mh85_56 mh85_0_l\"><div class=\"mg9e_8 mj7a_8 mg9e_0_s mvrt_0_s mj7a_0_s mh36_0_s mzmg_6m munh_16_l m3h2_16_l\"><div class=\"mp4t_0 mryx_0 munh_56 m3h2_56\"><div class=\"mp7g_oh\"><p>Jednym z najwi\u0119kszych problem\u00f3w przezroczystych etui jest ich sk\u0142onno\u015b\u0107 do \u017c\u00f3\u0142kni\u0119cia w kr\u00f3tkim czasie.<\/p><p>Etui\u00a0<b>CASEREBEL Mirror<\/b>\u00a0zosta\u0142o stworzone z my\u015bl\u0105 o trwa\u0142o\u015bci. Dzi\u0119ki zastosowaniu <b>specjalistycznych materia\u0142\u00f3w o podwy\u017cszonej odporno\u015bci na \u017c\u00f3\u0142kni\u0119cie<\/b>, etui zachowuje swoj\u0105 krystaliczn\u0105 przejrzysto\u015b\u0107 na d\u0142ugo, prezentuj\u0105c oryginalny kolor Twojego <b>Samsunga.<\/b><\/p><p><b>Doskona\u0142e Dopasowanie i Komfort U\u017cytkowania<\/b><\/p><p>Etui <b>CASEREBEL Mirror<\/b>\u00a0charakteryzuje si\u0119 <b>perfekcyjnym spasowaniem<\/b> z <b>Galaxy S26 Ultra<\/b>.<\/p><p>Dzi\u0119ki temu nie pogrubia znacz\u0105co telefonu, zachowuj\u0105c jego smuk\u0142y profil.<\/p><p><b>Podsumowuj\u0105c, kupuj\u0105c to etui, zyskujesz:<\/b><\/p><ul><li><b>D\u0142u\u017csz\u0105 przejrzysto\u015b\u0107<\/b> dzi\u0119ki podwy\u017cszonej odporno\u015bci na \u017c\u00f3\u0142kni\u0119cie.<\/li><li><b>Wysoki poziom ochrony<\/b> ekranu i aparatu.<\/li><li><b>Smuk\u0142y profil i idealne dopasowanie<\/b>, kt\u00f3re nie powi\u0119ksza znacz\u0105co telefonu.<\/li><li><b>Wygod\u0119 u\u017cytkowania<\/b> dzi\u0119ki precyzyjnie zintegrowanym przyciskom.<\/li><\/ul><\/div><\/div><\/div><\/div>\n\t\t\t\t\t<\/div>\n\t\t\t\t\t\t<\/div>\n\t\t\t\t<\/div>\n\t\t\t\t<\/div>\n\t\t<div class=\"elementor-element elementor-element-a7b8c9b e-con-full e-flex e-con e-child\" data-id=\"a7b8c9b\" data-element_type=\"container\" data-e-type=\"container\">\n\t\t\t\t<div class=\"elementor-element elementor-element-d6a7b45 elementor-widget elementor-widget-image\" data-id=\"d6a7b45\" data-element_type=\"widget\" data-e-type=\"widget\" data-widget_type=\"image.default\">\n\t\t\t\t\t\t\t\t\t\t\t\t\t\t\t<img decoding=\"async\" src=\"https:\/\/armorka.pl\/wp-content\/uploads\/2026\/03\/6-2.avif\" title=\"\" alt=\"\" loading=\"lazy\" \/>\t\t\t\t\t\t\t\t\t\t\t\t\t\t\t<\/div>\n\t\t\t\t<\/div>\n\t\t\t\t\t<\/div>\n\t\t\t\t<\/div>\n\t\t\t\t<\/div>\n\t\t","protected":false},"excerpt":{"rendered":"<p>Etui dla <strong>Samsung Galaxy S26 Ultra<\/strong> w krystalicznie czystym wykonaniu.<\/p>\n<p>Elastyczna rama z TPU po\u0142\u0105czona ze sztywnymi pleckami PC.<\/p>\n","protected":false},"featured_media":29580,"template":"","meta":[],"product_brand":[],"product_cat":[75,86,85],"product_tag":[],"class_list":{"0":"post-29567","1":"product","2":"type-product","3":"status-publish","4":"has-post-thumbnail","6":"product_cat-etui","7":"product_cat-galaxys26ultra","8":"product_cat-samsung","10":"first","11":"instock","12":"shipping-taxable","13":"purchasable","14":"product-type-simple"},"_links":{"self":[{"href":"https:\/\/armorka.pl\/index.php?rest_route=\/wp\/v2\/product\/29567","targetHints":{"allow":["GET"]}}],"collection":[{"href":"https:\/\/armorka.pl\/index.php?rest_route=\/wp\/v2\/product"}],"about":[{"href":"https:\/\/armorka.pl\/index.php?rest_route=\/wp\/v2\/types\/product"}],"version-history":[{"count":9,"href":"https:\/\/armorka.pl\/index.php?rest_route=\/wp\/v2\/product\/29567\/revisions"}],"predecessor-version":[{"id":29737,"href":"https:\/\/armorka.pl\/index.php?rest_route=\/wp\/v2\/product\/29567\/revisions\/29737"}],"wp:featuredmedia":[{"embeddable":true,"href":"https:\/\/armorka.pl\/index.php?rest_route=\/wp\/v2\/media\/29580"}],"wp:attachment":[{"href":"https:\/\/armorka.pl\/index.php?rest_route=%2Fwp%2Fv2%2Fmedia&parent=29567"}],"wp:term":[{"taxonomy":"product_brand","embeddable":true,"href":"https:\/\/armorka.pl\/index.php?rest_route=%2Fwp%2Fv2%2Fproduct_brand&post=29567"},{"taxonomy":"product_cat","embeddable":true,"href":"https:\/\/armorka.pl\/index.php?rest_route=%2Fwp%2Fv2%2Fproduct_cat&post=29567"},{"taxonomy":"product_tag","embeddable":true,"href":"https:\/\/armorka.pl\/index.php?rest_route=%2Fwp%2Fv2%2Fproduct_tag&post=29567"}],"curies":[{"name":"wp","href":"https:\/\/api.w.org\/{rel}","templated":true}]}}