{"id":29547,"date":"2026-03-30T09:33:22","date_gmt":"2026-03-30T08:33:22","guid":{"rendered":"https:\/\/armorka.pl\/?post_type=product&#038;p=29547"},"modified":"2026-04-01T10:47:29","modified_gmt":"2026-04-01T09:47:29","slug":"etui-jollby-clear-2","status":"publish","type":"product","link":"https:\/\/armorka.pl\/?product=etui-jollby-clear-2","title":{"rendered":"Etui JOLLBY. Clear"},"content":{"rendered":"\t\t<div data-elementor-type=\"wp-post\" data-elementor-id=\"29547\" class=\"elementor elementor-29547\" data-elementor-post-type=\"product\">\n\t\t\t\t<div class=\"wd-negative-gap elementor-element elementor-element-823336b e-flex e-con-boxed e-con e-parent\" data-id=\"823336b\" data-element_type=\"container\" data-e-type=\"container\">\n\t\t\t\t\t<div class=\"e-con-inner\">\n\t\t<div class=\"elementor-element elementor-element-d6b96b7 e-con-full e-flex e-con e-child\" data-id=\"d6b96b7\" data-element_type=\"container\" data-e-type=\"container\">\n\t\t\t\t<div class=\"elementor-element elementor-element-856a94d elementor-widget elementor-widget-wd_text_block\" data-id=\"856a94d\" data-element_type=\"widget\" data-e-type=\"widget\" data-widget_type=\"wd_text_block.default\">\n\t\t\t\t<div class=\"elementor-widget-container\">\n\t\t\t\t\t\t\t<div class=\"wd-text-block reset-last-child text-left\">\n\t\t\t\n\t\t\t<h4><b>Etui JOLLBY Clear do iPhone 17 Pro Max - Idealna Ochrona i Wygoda<\/b><\/h4><p>Szukasz etui, kt\u00f3re skutecznie ochroni Tw\u00f3j <b>iPhone 17 Pro<\/b>, a jednocze\u015bnie nie zaburzy jego eleganckiego designu?<\/p><p>Oto etui\u00a0<b>JOLLBY Clear<\/b> \u2013 perfekcyjne po\u0142\u0105czenie dyskretnej estetyki z zaawansowan\u0105 ochron\u0105.<\/p><p>To idealny wyb\u00f3r dla os\u00f3b, kt\u00f3re ceni\u0105 sobie bezpiecze\u0144stwo, ale nie chc\u0105 rezygnowa\u0107 z oryginalnego wygl\u0105du swojego smartfona.<\/p><p><b>Krystalicznie Czysty z Podwy\u017cszon\u0105 Odporno\u015bci\u0105 na \u017b\u00f3\u0142kni\u0119cie<\/b><\/p><p>Jednym z najwi\u0119kszych problem\u00f3w przezroczystych etui jest ich sk\u0142onno\u015b\u0107 do \u017c\u00f3\u0142kni\u0119cia w kr\u00f3tkim czasie.<\/p><p>Etui\u00a0<b>JOLLBY Clear<\/b> zosta\u0142o stworzone z my\u015bl\u0105 o trwa\u0142o\u015bci. Dzi\u0119ki zastosowaniu <b>specjalistycznych materia\u0142\u00f3w o podwy\u017cszonej odporno\u015bci na \u017c\u00f3\u0142kni\u0119cie<\/b>, etui zachowuje swoj\u0105 krystaliczn\u0105 przejrzysto\u015b\u0107 na d\u0142ugo, prezentuj\u0105c oryginalny kolor Twojego <b>iPhone\u2019a.<\/b><\/p><p><b>Pe\u0142na Ochrona Bez Kompromis\u00f3w<\/b><\/p><p>Mimo swojej minimalistycznej formy, to etui zapewnia kompleksow\u0105 ochron\u0119 w kluczowych miejscach.<\/p><p><b>Ekran i aparat<\/b>, czyli najbardziej wra\u017cliwe cz\u0119\u015bci telefonu, s\u0105 skutecznie chronione dzi\u0119ki precyzyjnie zaprojektowanym kraw\u0119dziom:<\/p><ul><li><b>Ochrona ekranu:<\/b> Kraw\u0119d\u017a etui wystaje na <b>1.2 mm<\/b> ponad powierzchni\u0119 ekranu, co zapobiega bezpo\u015bredniemu kontaktowi z p\u0142askimi powierzchniami. Dzi\u0119ki temu mo\u017cesz bezpiecznie po\u0142o\u017cy\u0107 telefon ekranem do do\u0142u, nie obawiaj\u0105c si\u0119 zarysowa\u0144.<\/li><li><b>Ochrona aparatu:<\/b> Wok\u00f3\u0142 wyspy aparat\u00f3w znajduje si\u0119 precyzyjnie wyprofilowana ramka, kt\u00f3ra wystaje na <b>2 mm<\/b>. To gwarantuje, \u017ce soczewki obiektyw\u00f3w s\u0105 os\u0142oni\u0119te, minimalizuj\u0105c ryzyko uszkodzenia w wyniku upadku czy kontaktu z ostrymi przedmiotami.<\/li><\/ul>\n\t\t\t\t\t<\/div>\n\t\t\t\t\t\t<\/div>\n\t\t\t\t<\/div>\n\t\t\t\t<\/div>\n\t\t<div class=\"elementor-element elementor-element-8fdf541 e-con-full e-flex e-con e-child\" data-id=\"8fdf541\" data-element_type=\"container\" data-e-type=\"container\">\n\t\t\t\t<div class=\"elementor-element elementor-element-9ce867c elementor-widget elementor-widget-image\" data-id=\"9ce867c\" data-element_type=\"widget\" data-e-type=\"widget\" data-widget_type=\"image.default\">\n\t\t\t\t\t\t\t\t\t\t\t\t\t\t\t<img decoding=\"async\" src=\"https:\/\/armorka.pl\/wp-content\/uploads\/2026\/03\/1-1.avif\" title=\"\" alt=\"\" loading=\"lazy\" \/>\t\t\t\t\t\t\t\t\t\t\t\t\t\t\t<\/div>\n\t\t\t\t<\/div>\n\t\t\t\t\t<\/div>\n\t\t\t\t<\/div>\n\t\t<div class=\"wd-negative-gap elementor-element elementor-element-87302b8 e-flex e-con-boxed e-con e-parent\" data-id=\"87302b8\" data-element_type=\"container\" data-e-type=\"container\">\n\t\t\t\t\t<div class=\"e-con-inner\">\n\t\t<div class=\"elementor-element elementor-element-ef4b2d6 e-con-full e-flex e-con e-child\" data-id=\"ef4b2d6\" data-element_type=\"container\" data-e-type=\"container\">\n\t\t\t\t<div class=\"elementor-element elementor-element-690990b elementor-widget elementor-widget-wd_text_block\" data-id=\"690990b\" data-element_type=\"widget\" data-e-type=\"widget\" data-widget_type=\"wd_text_block.default\">\n\t\t\t\t<div class=\"elementor-widget-container\">\n\t\t\t\t\t\t\t<div class=\"wd-text-block reset-last-child text-left\">\n\t\t\t\n\t\t\t<p>\u00a0<\/p><p><b>Doskona\u0142e Dopasowanie i Komfort U\u017cytkowania<\/b><\/p><p>Etui <b>JOLLBY Clear<\/b> charakteryzuje si\u0119 <b>perfekcyjnym spasowaniem<\/b> z <b>iPhone\u2019a 17 Pro<\/b>. Dzi\u0119ki temu nie pogrubia znacz\u0105co telefonu, zachowuj\u0105c jego smuk\u0142y profil.<\/p><p><b>Zintegrowane przyciski<\/b> doskonale odzwierciedlaj\u0105 ich oryginalne po\u0142o\u017cenie i czu\u0142o\u015b\u0107, co zapewnia intuicyjn\u0105 obs\u0142ug\u0119 bez \u017cadnych op\u00f3\u017anie\u0144.<\/p><p><b>Podsumowuj\u0105c, kupuj\u0105c to etui, zyskujesz:<\/b><\/p><ul><li><b>D\u0142u\u017csz\u0105 przejrzysto\u015b\u0107<\/b> dzi\u0119ki podwy\u017cszonej odporno\u015bci na \u017c\u00f3\u0142kni\u0119cie.<\/li><li><b>Wysoki poziom ochrony<\/b> ekranu i aparatu.<\/li><li><b>Smuk\u0142y profil i idealne dopasowanie<\/b>, kt\u00f3re nie powi\u0119ksza znacz\u0105co telefonu.<\/li><li><b>Wygod\u0119 u\u017cytkowania<\/b> dzi\u0119ki precyzyjnie zintegrowanym przyciskom<\/li><\/ul>\n\t\t\t\t\t<\/div>\n\t\t\t\t\t\t<\/div>\n\t\t\t\t<\/div>\n\t\t\t\t<\/div>\n\t\t<div class=\"elementor-element elementor-element-a7b8c9b e-con-full e-flex e-con e-child\" data-id=\"a7b8c9b\" data-element_type=\"container\" data-e-type=\"container\">\n\t\t\t\t<div class=\"elementor-element elementor-element-d6a7b45 elementor-widget elementor-widget-image\" data-id=\"d6a7b45\" data-element_type=\"widget\" data-e-type=\"widget\" data-widget_type=\"image.default\">\n\t\t\t\t\t\t\t\t\t\t\t\t\t\t\t<img decoding=\"async\" src=\"https:\/\/armorka.pl\/wp-content\/uploads\/2026\/03\/3-1.avif\" title=\"\" alt=\"\" loading=\"lazy\" \/>\t\t\t\t\t\t\t\t\t\t\t\t\t\t\t<\/div>\n\t\t\t\t<\/div>\n\t\t\t\t\t<\/div>\n\t\t\t\t<\/div>\n\t\t\t\t<\/div>\n\t\t","protected":false},"excerpt":{"rendered":"<p>Czyste w pe\u0142ni transparentne etui dla<strong> iPhone 17 Pro Max.<\/strong><\/p>\n<p>Podwy\u017cszona odporno\u015b\u0107 na \u017c\u00f3\u0142kni\u0119cie, doskona\u0142e dopasowanie i ochrona urz\u0105dzenia.<\/p>\n","protected":false},"featured_media":29544,"template":"","meta":[],"product_brand":[],"product_cat":[76,75,81],"product_tag":[],"class_list":{"0":"post-29547","1":"product","2":"type-product","3":"status-publish","4":"has-post-thumbnail","6":"product_cat-apple","7":"product_cat-etui","8":"product_cat-iphone-17-pro-max","10":"first","11":"instock","12":"featured","13":"shipping-taxable","14":"purchasable","15":"product-type-simple"},"_links":{"self":[{"href":"https:\/\/armorka.pl\/index.php?rest_route=\/wp\/v2\/product\/29547","targetHints":{"allow":["GET"]}}],"collection":[{"href":"https:\/\/armorka.pl\/index.php?rest_route=\/wp\/v2\/product"}],"about":[{"href":"https:\/\/armorka.pl\/index.php?rest_route=\/wp\/v2\/types\/product"}],"version-history":[{"count":6,"href":"https:\/\/armorka.pl\/index.php?rest_route=\/wp\/v2\/product\/29547\/revisions"}],"predecessor-version":[{"id":29739,"href":"https:\/\/armorka.pl\/index.php?rest_route=\/wp\/v2\/product\/29547\/revisions\/29739"}],"wp:featuredmedia":[{"embeddable":true,"href":"https:\/\/armorka.pl\/index.php?rest_route=\/wp\/v2\/media\/29544"}],"wp:attachment":[{"href":"https:\/\/armorka.pl\/index.php?rest_route=%2Fwp%2Fv2%2Fmedia&parent=29547"}],"wp:term":[{"taxonomy":"product_brand","embeddable":true,"href":"https:\/\/armorka.pl\/index.php?rest_route=%2Fwp%2Fv2%2Fproduct_brand&post=29547"},{"taxonomy":"product_cat","embeddable":true,"href":"https:\/\/armorka.pl\/index.php?rest_route=%2Fwp%2Fv2%2Fproduct_cat&post=29547"},{"taxonomy":"product_tag","embeddable":true,"href":"https:\/\/armorka.pl\/index.php?rest_route=%2Fwp%2Fv2%2Fproduct_tag&post=29547"}],"curies":[{"name":"wp","href":"https:\/\/api.w.org\/{rel}","templated":true}]}}